{"id":623,"date":"2019-07-17T02:15:41","date_gmt":"2019-07-17T02:15:41","guid":{"rendered":"http:\/\/pinkylamb.com\/?page_id=623"},"modified":"2019-07-17T02:28:02","modified_gmt":"2019-07-17T02:28:02","slug":"our-team","status":"publish","type":"page","link":"https:\/\/pinkylamb.com\/en\/our-team\/","title":{"rendered":"Our team"},"content":{"rendered":"<div class=\"row row-full-width\"  id=\"row-1710790448\">\n<div class=\"col small-12 large-12\"  ><div class=\"col-inner\"  >\n\n  <div class=\"banner has-hover\" id=\"banner-474314500\">\n          <div class=\"banner-inner fill\">\n        <div class=\"banner-bg fill\" >\n            <div class=\"bg fill bg-fill \"><\/div>\n                                    \n                    <\/div><!-- bg-layers -->\n        <div class=\"banner-layers container\">\n            <div class=\"fill banner-link\"><\/div>            \n   <div id=\"text-box-895862686\" class=\"text-box banner-layer x5 md-x5 lg-x5 y20 md-y20 lg-y20 res-text\">\n                     <div data-animate=\"fadeInRight\">           <div class=\"text dark\">\n              \n              <div class=\"text-inner text-center\">\n                  \n<p style=\"text-align: justify;\"><span style=\"color: #999999;\"><em>\u201c\u201cWe are a team of young but experienced professionals. Our average age of 30 serves as a great advantage to us. It provides our team with amazing learning ability and adaptability to new media trends. Our experience gained from our educational background, as well as from working environments have reached over 10 years. <\/em><\/span><\/p>\n<p style=\"text-align: justify;\"><span style=\"color: #999999;\"><em>We are a collective of business-minded individual, with a touch of creative flair. This is also a great advantage that helps us to juggle gracefully between classic professionalism and lenient conflict resolution.\u201d<\/em><\/span><\/p>\n              <\/div>\n           <\/div><!-- text-box-inner -->\n       <\/div>                     \n<style scope=\"scope\">\n\n#text-box-895862686 {\n  width: 57%;\n}\n#text-box-895862686 .text {\n  font-size: 100%;\n}\n<\/style>\n    <\/div><!-- text-box -->\n \n        <\/div><!-- .banner-layers -->\n      <\/div><!-- .banner-inner -->\n\n            \n<style scope=\"scope\">\n\n#banner-474314500 {\n  padding-top: 500px;\n}\n#banner-474314500 .bg.bg-loaded {\n  background-image: url(https:\/\/pinkylamb.com\/wp-content\/uploads\/2019\/02\/Gioi-thieu-1-1400x346.jpg);\n}\n<\/style>\n  <\/div><!-- .banner -->\n\n\n<\/div><\/div>\n\n<style scope=\"scope\">\n\n<\/style>\n<\/div>\n<div class=\"row\"  id=\"row-1943846300\">\n<div class=\"col small-12 large-12\"  ><div class=\"col-inner\"  >\n<div class=\"row row-full-width\"  id=\"row-474611509\">\n<div class=\"col medium-6 small-12 large-6\"  ><div class=\"col-inner text-center\"  >\n\t<div class=\"img has-hover x md-x lg-x y md-y lg-y\" id=\"image_1475009024\">\n\t\t<a class=\"image-lightbox lightbox-gallery\" href=\"https:\/\/pinkylamb.com\/wp-content\/uploads\/2019\/01\/Minh-Quang_PK.png\" title=\"\">\t\t\t\t<div data-animate=\"fadeInRight\">\t\t<div class=\"img-inner image-cover dark\" style=\"padding-top:100%;margin:0px 0px 0px 0px;\">\n\t\t\t<img loading=\"lazy\" decoding=\"async\" width=\"700\" height=\"700\" src=\"https:\/\/pinkylamb.com\/wp-content\/uploads\/2019\/01\/Minh-Quang_PK.png\" class=\"attachment-large size-large\" alt=\"\" srcset=\"https:\/\/pinkylamb.com\/wp-content\/uploads\/2019\/01\/Minh-Quang_PK.png 700w, https:\/\/pinkylamb.com\/wp-content\/uploads\/2019\/01\/Minh-Quang_PK-280x280.png 280w, https:\/\/pinkylamb.com\/wp-content\/uploads\/2019\/01\/Minh-Quang_PK-400x400.png 400w, https:\/\/pinkylamb.com\/wp-content\/uploads\/2019\/01\/Minh-Quang_PK-300x300.png 300w, https:\/\/pinkylamb.com\/wp-content\/uploads\/2019\/01\/Minh-Quang_PK-600x600.png 600w, https:\/\/pinkylamb.com\/wp-content\/uploads\/2019\/01\/Minh-Quang_PK-100x100.png 100w\" sizes=\"(max-width: 700px) 100vw, 700px\" \/>\t\t\t\t\t\t\n\t\t\t\t\t<\/div>\n\t\t<\/div>\t\t\t\t<\/a>\t\t\n<style scope=\"scope\">\n\n#image_1475009024 {\n  width: 77%;\n}\n<\/style>\n\t<\/div>\n\t\n<\/div><\/div>\n<div class=\"col medium-6 small-12 large-6\"  ><div class=\"col-inner text-center\"  >\n<div class=\"is-divider divider clearfix\" style=\"height:57px;background-color:rgb(255, 255, 255);\"><\/div><!-- .divider -->\n<h4><\/h4>\n<h4 style=\"text-align: left;\">Mr. V\u00f5 Minh Quang<\/h4>\n<p style=\"text-align: left;\">+ Executive Director<br \/>\n+ Technical Director<\/p>\n<\/div><\/div>\n\n<style scope=\"scope\">\n\n<\/style>\n<\/div>\n<div class=\"is-divider divider clearfix\" style=\"max-width:1098px;height:1px;\"><\/div><!-- .divider -->\n<div class=\"row row-full-width\"  id=\"row-1533196559\">\n<div class=\"col medium-6 small-12 large-6\"  ><div class=\"col-inner text-center\"  >\n<div class=\"is-divider divider clearfix\" style=\"height:36px;background-color:rgb(255, 255, 255);\"><\/div><!-- .divider -->\n<h4 style=\"text-align: left;\"><strong>Ms. L\u00ea Ch\u00e2u B\u1ea3o Ng\u1ecdc<br \/>\n<\/strong><em>Vice Director \u2013 Movie Director\/MC <\/em><\/h4>\n<p style=\"text-align: left;\">Graduated from Directing \u2013 University<br \/>\nof Theatre and Cinema Ho Chi Minh City.<\/p>\n<p style=\"text-align: left;\">Director\/Scripwriter for TVC,<br \/>\nprofessional viral advertisements, short<br \/>\nfilms and web drama.\n<\/p>\n<p style=\"text-align: left;\">PR-Communication Manager of Corele<br \/>\nInternational Group.\n<\/p>\n<\/div><\/div>\n<div class=\"col medium-6 small-12 large-6\"  ><div class=\"col-inner text-center\"  >\n\t<div class=\"img has-hover x md-x lg-x y md-y lg-y\" id=\"image_1264749618\">\n\t\t<a class=\"image-lightbox lightbox-gallery\" href=\"https:\/\/pinkylamb.com\/wp-content\/uploads\/2019\/01\/Le-Chau-Bao-Ngoc.png\" title=\"\">\t\t\t\t<div data-animate=\"fadeInRight\">\t\t<div class=\"img-inner image-cover dark\" style=\"padding-top:100%;margin:0px 0px 0px 0px;\">\n\t\t\t<img loading=\"lazy\" decoding=\"async\" width=\"700\" height=\"700\" src=\"https:\/\/pinkylamb.com\/wp-content\/uploads\/2019\/01\/Le-Chau-Bao-Ngoc.png\" class=\"attachment-large size-large\" alt=\"\" srcset=\"https:\/\/pinkylamb.com\/wp-content\/uploads\/2019\/01\/Le-Chau-Bao-Ngoc.png 700w, https:\/\/pinkylamb.com\/wp-content\/uploads\/2019\/01\/Le-Chau-Bao-Ngoc-280x280.png 280w, https:\/\/pinkylamb.com\/wp-content\/uploads\/2019\/01\/Le-Chau-Bao-Ngoc-400x400.png 400w, https:\/\/pinkylamb.com\/wp-content\/uploads\/2019\/01\/Le-Chau-Bao-Ngoc-300x300.png 300w, https:\/\/pinkylamb.com\/wp-content\/uploads\/2019\/01\/Le-Chau-Bao-Ngoc-600x600.png 600w, https:\/\/pinkylamb.com\/wp-content\/uploads\/2019\/01\/Le-Chau-Bao-Ngoc-100x100.png 100w\" sizes=\"(max-width: 700px) 100vw, 700px\" \/>\t\t\t\t\t\t\n\t\t\t\t\t<\/div>\n\t\t<\/div>\t\t\t\t<\/a>\t\t\n<style scope=\"scope\">\n\n#image_1264749618 {\n  width: 77%;\n}\n<\/style>\n\t<\/div>\n\t\n<\/div><\/div>\n\n<style scope=\"scope\">\n\n<\/style>\n<\/div>\n<div class=\"is-divider divider clearfix\" style=\"max-width:1098px;height:1px;\"><\/div><!-- .divider -->\n<div class=\"row row-full-width\"  id=\"row-856851535\">\n<div class=\"col medium-6 small-12 large-6\"  ><div class=\"col-inner text-center\"  >\n\t<div class=\"img has-hover x md-x lg-x y md-y lg-y\" id=\"image_1288856826\">\n\t\t<a class=\"image-lightbox lightbox-gallery\" href=\"https:\/\/pinkylamb.com\/wp-content\/uploads\/2019\/02\/Zell-Bya_PK.png\" title=\"\">\t\t\t\t<div data-animate=\"fadeInRight\">\t\t<div class=\"img-inner image-cover dark\" style=\"padding-top:100%;margin:0px 0px 0px 0px;\">\n\t\t\t<img loading=\"lazy\" decoding=\"async\" width=\"700\" height=\"700\" src=\"https:\/\/pinkylamb.com\/wp-content\/uploads\/2019\/02\/Zell-Bya_PK.png\" class=\"attachment-large size-large\" alt=\"\" srcset=\"https:\/\/pinkylamb.com\/wp-content\/uploads\/2019\/02\/Zell-Bya_PK.png 700w, https:\/\/pinkylamb.com\/wp-content\/uploads\/2019\/02\/Zell-Bya_PK-280x280.png 280w, https:\/\/pinkylamb.com\/wp-content\/uploads\/2019\/02\/Zell-Bya_PK-400x400.png 400w, https:\/\/pinkylamb.com\/wp-content\/uploads\/2019\/02\/Zell-Bya_PK-300x300.png 300w, https:\/\/pinkylamb.com\/wp-content\/uploads\/2019\/02\/Zell-Bya_PK-600x600.png 600w, https:\/\/pinkylamb.com\/wp-content\/uploads\/2019\/02\/Zell-Bya_PK-100x100.png 100w\" sizes=\"(max-width: 700px) 100vw, 700px\" \/>\t\t\t\t\t\t\n\t\t\t\t\t<\/div>\n\t\t<\/div>\t\t\t\t<\/a>\t\t\n<style scope=\"scope\">\n\n#image_1288856826 {\n  width: 77%;\n}\n<\/style>\n\t<\/div>\n\t\n<\/div><\/div>\n<div class=\"col medium-6 small-12 large-6\"  ><div class=\"col-inner text-center\"  >\n<h4 style=\"text-align: left;\"><strong>Mr. Zell Bya <\/strong><\/h4>\n<h4 style=\"text-align: left;\"><em>D.O.P.\/Professional Videographer<\/em><\/h4>\n<p style=\"text-align: left;\">Graduated from Videography \u2013<br \/>\nUniversity of Theatre and Cinema Ho<br \/>\nChi Minh City<br \/>\n<strong>D.O.P. of:<\/strong><br \/>\n+ The Diary of Fireflies (Cast: Jun V\u0169,<br \/>\n\u0110\u00ecnh Hi\u1ebfu, Quang Minh, H\u1ed3ng \u0110\u00e0o\u2026)<br \/>\n<br \/>\n+ My Father is a Hero (Ho\u00e0i Linh, Vi\u1ec7t<br \/>\nH\u01b0\u01a1ng)<br \/>\n<br \/>\n+ A Pretty Woman (Ho\u00e0i Linh, Ch\u00ed T\u00e0i,<br \/>\nPhi Nhung)<br \/>\n<br \/>\n+ GLEE Viet Nam TV series<br \/>\n+ \u201cShe Was Pretty\u201d TV series<br \/>\n(Vietnamese version) (Cast: Ninh D\u01b0\u01a1ng<br \/>\nLan Ng\u1ecdc, Chi Pu, B Tr\u1ea7n, B\u00ecnh An\u2026)\n<\/p>\n<p style=\"text-align: left;\"><em>\u00a0As well as other TVC and viral projects..<\/em><\/p>\n<\/div><\/div>\n\n<style scope=\"scope\">\n\n<\/style>\n<\/div>\n<div class=\"is-divider divider clearfix\" style=\"max-width:1098px;height:1px;\"><\/div><!-- .divider -->\n<div class=\"row row-full-width\"  id=\"row-772516655\">\n<div class=\"col medium-6 small-12 large-6\"  ><div class=\"col-inner text-center\"  >\n<h4 style=\"text-align: left;\"><strong>Mr. V\u01b0\u01a1ng V\u0129nh Th\u1ecbnh<br \/>\n<\/strong><em>D.O.P.\/Professional Videographer<\/em><\/h4>\n<p style=\"text-align: left;\">Main camera of \u201cMy Dear Assistant\u201d (Cast: M\u1ef9 T\u00e2m)<br \/>\n <br \/>\n<strong>TV shows:<\/strong><br \/>\n+ Shark Tank Vietnam<br \/>\n+ Dad! Where Are We Going?<br \/>\n(Vietnamese version)<br \/>\n<br \/>\n+ Your Face Sounds Familiar Vietnam<br \/>\n+ Top Chef<br \/>\n+ Green Space<br \/>\n<br \/>\n<strong>TV series:<\/strong><br \/>\n+ Nh\u1ecbp sinh t\u1eed<br \/>\n+ Gia t\u1ed9c d\u1eady s\u00f3ng<br \/>\n<em>As well as other TVC and viral projects.<\/em><\/p>\n<\/div><\/div>\n<div class=\"col medium-6 small-12 large-6\"  ><div class=\"col-inner text-center\"  >\n\t<div class=\"img has-hover x md-x lg-x y md-y lg-y\" id=\"image_789133130\">\n\t\t<a class=\"image-lightbox lightbox-gallery\" href=\"https:\/\/pinkylamb.com\/wp-content\/uploads\/2019\/01\/Vuong-Vinh-Thinh_PK.png\" title=\"\">\t\t\t\t<div data-animate=\"fadeInRight\">\t\t<div class=\"img-inner image-cover dark\" style=\"padding-top:100%;margin:0px 0px 0px 0px;\">\n\t\t\t<img loading=\"lazy\" decoding=\"async\" width=\"700\" height=\"697\" src=\"https:\/\/pinkylamb.com\/wp-content\/uploads\/2019\/01\/Vuong-Vinh-Thinh_PK.png\" class=\"attachment-large size-large\" alt=\"\" srcset=\"https:\/\/pinkylamb.com\/wp-content\/uploads\/2019\/01\/Vuong-Vinh-Thinh_PK.png 700w, https:\/\/pinkylamb.com\/wp-content\/uploads\/2019\/01\/Vuong-Vinh-Thinh_PK-280x280.png 280w, https:\/\/pinkylamb.com\/wp-content\/uploads\/2019\/01\/Vuong-Vinh-Thinh_PK-402x400.png 402w, https:\/\/pinkylamb.com\/wp-content\/uploads\/2019\/01\/Vuong-Vinh-Thinh_PK-300x300.png 300w, https:\/\/pinkylamb.com\/wp-content\/uploads\/2019\/01\/Vuong-Vinh-Thinh_PK-600x597.png 600w, https:\/\/pinkylamb.com\/wp-content\/uploads\/2019\/01\/Vuong-Vinh-Thinh_PK-100x100.png 100w\" sizes=\"(max-width: 700px) 100vw, 700px\" \/>\t\t\t\t\t\t\n\t\t\t\t\t<\/div>\n\t\t<\/div>\t\t\t\t<\/a>\t\t\n<style scope=\"scope\">\n\n#image_789133130 {\n  width: 77%;\n}\n<\/style>\n\t<\/div>\n\t\n<\/div><\/div>\n\n<style scope=\"scope\">\n\n<\/style>\n<\/div>\n<div class=\"is-divider divider clearfix\" style=\"max-width:1098px;height:1px;\"><\/div><!-- .divider -->\n<div class=\"row row-full-width\"  id=\"row-1742337426\">\n<div class=\"col medium-6 small-12 large-6\"  ><div class=\"col-inner text-center\"  >\n\t<div class=\"img has-hover x md-x lg-x y md-y lg-y\" id=\"image_1535342555\">\n\t\t<a class=\"image-lightbox lightbox-gallery\" href=\"https:\/\/pinkylamb.com\/wp-content\/uploads\/2019\/01\/Nguyen-Hoang-Thong_PK.png\" title=\"\">\t\t\t\t<div data-animate=\"fadeInRight\">\t\t<div class=\"img-inner image-cover dark\" style=\"padding-top:100%;margin:0px 0px 0px 0px;\">\n\t\t\t<img loading=\"lazy\" decoding=\"async\" width=\"700\" height=\"700\" src=\"https:\/\/pinkylamb.com\/wp-content\/uploads\/2019\/01\/Nguyen-Hoang-Thong_PK.png\" class=\"attachment-large size-large\" alt=\"\" srcset=\"https:\/\/pinkylamb.com\/wp-content\/uploads\/2019\/01\/Nguyen-Hoang-Thong_PK.png 700w, https:\/\/pinkylamb.com\/wp-content\/uploads\/2019\/01\/Nguyen-Hoang-Thong_PK-280x280.png 280w, https:\/\/pinkylamb.com\/wp-content\/uploads\/2019\/01\/Nguyen-Hoang-Thong_PK-400x400.png 400w, https:\/\/pinkylamb.com\/wp-content\/uploads\/2019\/01\/Nguyen-Hoang-Thong_PK-300x300.png 300w, https:\/\/pinkylamb.com\/wp-content\/uploads\/2019\/01\/Nguyen-Hoang-Thong_PK-600x600.png 600w, https:\/\/pinkylamb.com\/wp-content\/uploads\/2019\/01\/Nguyen-Hoang-Thong_PK-100x100.png 100w\" sizes=\"(max-width: 700px) 100vw, 700px\" \/>\t\t\t\t\t\t\n\t\t\t\t\t<\/div>\n\t\t<\/div>\t\t\t\t<\/a>\t\t\n<style scope=\"scope\">\n\n#image_1535342555 {\n  width: 77%;\n}\n<\/style>\n\t<\/div>\n\t\n<\/div><\/div>\n<div class=\"col medium-6 small-12 large-6\"  ><div class=\"col-inner text-center\"  >\n<h4 style=\"text-align: left;\"><strong>Mr. Nguy\u1ec5n Ho\u00e0ng Th\u00f4ng<br \/>\n<br \/>\n<\/strong><em>Professional videographer<br \/>\n<\/em><\/h4>\n<ul>\n<li style=\"text-align: left;\">Vietnam-Japan movie \u2013 Summer in closed eyes<\/li>\n<li style=\"text-align: left;\">TV series: G\u1ea1o n\u1ebfp g\u1ea1o t\u1ebb<\/li>\n<\/ul>\n<p style=\"text-align: left;\">MV: D\u1ea5u m\u01b0a (Trung Qu\u00e2n Idol) \u2013 Chuy\u1ebfn \u0111i c\u1ee7a n\u0103m (Soobin Ho\u00e0ng S\u01a1n) \u2013 C\u1ea3m x\u00fac (Minh Th\u01b0)\u2026<br \/>\n<br \/>\n<strong>TV Shows:<br \/>\n<br \/>\n<\/strong>+ M\u1ed7i ng\u00e0y m\u1ed9t chuy\u1ec7n VTV9<br \/>\n+ B\u1ea3n t\u00ecnh ca c\u00f2n m\u00e3i HTV9<br \/>\n+ Duy\u00ean d\u00e1ng Bolero THVL<br \/>\n+ Gh\u1ebf \u0111\u1ecf Yan TV<br \/>\n+ L\u1edbp h\u1ecdc vui nh\u1ed9n Yeah1 TV<br \/>\n+ \u0110\u1ed9i tuy\u1ec3n t\u00f4i y\u00eau K+<br \/>\n+ Fashion TV<\/p>\n<\/div><\/div>\n\n<style scope=\"scope\">\n\n<\/style>\n<\/div>\n<div class=\"is-divider divider clearfix\" style=\"max-width:1098px;height:1px;\"><\/div><!-- .divider -->\n<div class=\"row row-full-width\"  id=\"row-1687673931\">\n<div class=\"col medium-6 small-12 large-6\"  ><div class=\"col-inner text-center\"  >\n<div class=\"is-divider divider clearfix\" style=\"height:0px;background-color:rgb(255, 255, 255);\"><\/div><!-- .divider -->\n<h4 style=\"text-align: left;\"><strong>Mr. Tr\u01b0\u01a1ng Anh Phi<br \/>\n<\/strong><\/h4>\n<h4 style=\"text-align: left;\">VFX Specialist &#038; Digital Compositor<\/h4>\n<p style=\"text-align: left;\">Over 6 years of experience in VFX,visual media, animation, VFX Compositing, part of a lot of great studios and VFX companies in Vietnam such as:<\/p>\n<p style=\"text-align: left;\">+ BLUER PRODUCTION<br \/>\n+ VINTATA ANIMATION<br \/>\n+ BAD CLAY Studio<\/p>\n<\/div><\/div>\n<div class=\"col medium-6 small-12 large-6\"  ><div class=\"col-inner text-center\"  >\n\t<div class=\"img has-hover x md-x lg-x y md-y lg-y\" id=\"image_2026745746\">\n\t\t<a class=\"image-lightbox lightbox-gallery\" href=\"https:\/\/pinkylamb.com\/wp-content\/uploads\/2019\/06\/Kai.jpg\" title=\"\">\t\t\t\t<div data-animate=\"fadeInRight\">\t\t<div class=\"img-inner image-cover dark\" style=\"padding-top:100%;margin:0px 0px 0px 0px;\">\n\t\t\t<img loading=\"lazy\" decoding=\"async\" width=\"344\" height=\"344\" src=\"https:\/\/pinkylamb.com\/wp-content\/uploads\/2019\/06\/Kai.jpg\" class=\"attachment-large size-large\" alt=\"\" srcset=\"https:\/\/pinkylamb.com\/wp-content\/uploads\/2019\/06\/Kai.jpg 344w, https:\/\/pinkylamb.com\/wp-content\/uploads\/2019\/06\/Kai-280x280.jpg 280w, https:\/\/pinkylamb.com\/wp-content\/uploads\/2019\/06\/Kai-300x300.jpg 300w, https:\/\/pinkylamb.com\/wp-content\/uploads\/2019\/06\/Kai-100x100.jpg 100w\" sizes=\"(max-width: 344px) 100vw, 344px\" \/>\t\t\t\t\t\t\n\t\t\t\t\t<\/div>\n\t\t<\/div>\t\t\t\t<\/a>\t\t\n<style scope=\"scope\">\n\n#image_2026745746 {\n  width: 77%;\n}\n<\/style>\n\t<\/div>\n\t\n<\/div><\/div>\n\n<style scope=\"scope\">\n\n<\/style>\n<\/div>\n<\/div><\/div>\n<\/div>\n","protected":false},"excerpt":{"rendered":"","protected":false},"author":1,"featured_media":0,"parent":0,"menu_order":0,"comment_status":"closed","ping_status":"closed","template":"page-blank.php","meta":{"footnotes":"","two_page_speed":[]},"_links":{"self":[{"href":"https:\/\/pinkylamb.com\/en\/wp-json\/wp\/v2\/pages\/623\/"}],"collection":[{"href":"https:\/\/pinkylamb.com\/en\/wp-json\/wp\/v2\/pages\/"}],"about":[{"href":"https:\/\/pinkylamb.com\/en\/wp-json\/wp\/v2\/types\/page\/"}],"author":[{"embeddable":true,"href":"https:\/\/pinkylamb.com\/en\/wp-json\/wp\/v2\/users\/1\/"}],"replies":[{"embeddable":true,"href":"https:\/\/pinkylamb.com\/en\/wp-json\/wp\/v2\/comments\/?post=623"}],"version-history":[{"count":8,"href":"https:\/\/pinkylamb.com\/en\/wp-json\/wp\/v2\/pages\/623\/revisions\/"}],"predecessor-version":[{"id":631,"href":"https:\/\/pinkylamb.com\/en\/wp-json\/wp\/v2\/pages\/623\/revisions\/631\/"}],"wp:attachment":[{"href":"https:\/\/pinkylamb.com\/en\/wp-json\/wp\/v2\/media\/?parent=623"}],"curies":[{"name":"wp","href":"https:\/\/api.w.org\/{rel}","templated":true}]}}