{"id":661,"date":"2019-07-17T03:12:53","date_gmt":"2019-07-17T03:12:53","guid":{"rendered":"http:\/\/pinkylamb.com\/?page_id=661"},"modified":"2019-07-17T04:07:19","modified_gmt":"2019-07-17T04:07:19","slug":"store-beauty-centre-medical-centre-institution-hospitality-branding-clips","status":"publish","type":"page","link":"https:\/\/pinkylamb.com\/en\/store-beauty-centre-medical-centre-institution-hospitality-branding-clips\/","title":{"rendered":"Store, beauty centre, medical centre, institution, hospitality branding clips"},"content":{"rendered":"<p><strong>Pinky Lamb Media<\/strong>provides a lot of business introduction video clip packages with different price offers according to clients\u2019 needs. The most common business video clips include:<\/p>\n<ul>\n<li>Videos for beauty care centres: spa, plastic surgery, gym<\/li>\n<li>Videos for healthcare centres: hospitals \u2013 private medical centres, dentistry, veterinary<\/li>\n<li>Videos for schools, educational centre for kids and adults<\/li>\n<li>Videos for restaurants, store chains, supermarkets, dining, caf\u00e9, etc.<\/li>\n<\/ul>\n<div class=\"video video-fit mb\" style=\"padding-top:50%;\"><p><iframe loading=\"lazy\" width=\"1020\" height=\"574\" src=\"https:\/\/www.youtube.com\/embed\/lPMXDG7sN3Y?feature=oembed\" frameborder=\"0\" allow=\"accelerometer; autoplay; encrypted-media; gyroscope; picture-in-picture\" allowfullscreen><\/iframe><\/p>\n<\/div>\n<p>Qu\u00fd kh\u00e1ch s\u1ebd th\u1eafc m\u1eafc d\u1ecbch v\u1ee5 c\u1ee7a ch\u00fang t\u00f4i c\u00f3 g\u00ec kh\u00e1c bi\u1ec7t v\u00e0 <strong>v\u00ec sao ph\u1ea3i l\u1ef1a ch\u1ecdn ch\u00fang t\u00f4i<\/strong> \u0111\u1ec3 th\u1ef1c hi\u1ec7n h\u00f3a chi\u1ebfn d\u1ecbch marketing trong m\u01a1 c\u1ee7a b\u1ea1n?<\/p>\n<p><strong>Our BEST SELLING POINTS are:<\/strong><\/p>\n<ul>\n<li>Reasonable pricing for medium to small-sized business, start-up, private entities, family business.<\/li>\n<li>Well rendered color, good contrast for product videography, diverse color range for different styles according to clients&#8217; needs (American, European, Japanese, Korean&#8230;)<\/li>\n<li>Lively motion graphic effects, but easy-to-follow<\/li>\n<li>Voice talent that has native quality (for foreign related products)<\/li>\n<\/ul>\n<p>Call <strong>HOTLINE <span style=\"color: #ff0000;\">033 233 8667<\/span><\/strong> or contact <a href=\"mailto:pinkylamb.co@gmail.com\"><strong>pinkylamb.co@gmail.com<\/strong><\/a> for booking or quotes.<\/p>\n<div class=\"row\"  id=\"row-629634336\">\n<div class=\"col medium-6 small-12 large-6\"  ><div class=\"col-inner\"  >\n<div class=\"video video-fit mb\" style=\"padding-top:56.25%;\"><p><iframe loading=\"lazy\" width=\"1020\" height=\"574\" src=\"https:\/\/www.youtube.com\/embed\/D3Q4GhDJuX8?feature=oembed\" frameborder=\"0\" allow=\"accelerometer; autoplay; encrypted-media; gyroscope; picture-in-picture\" allowfullscreen><\/iframe><\/p>\n<\/div>\n<\/div><\/div>\n<div class=\"col medium-6 small-12 large-6\"  ><div class=\"col-inner\"  >\n<div class=\"video video-fit mb\" style=\"padding-top:56.25%;\"><p><iframe loading=\"lazy\" width=\"1020\" height=\"574\" src=\"https:\/\/www.youtube.com\/embed\/uFcUlyE2mu0?feature=oembed\" frameborder=\"0\" allow=\"accelerometer; autoplay; encrypted-media; gyroscope; picture-in-picture\" allowfullscreen><\/iframe><\/p>\n<\/div>\n<\/div><\/div>\n<\/div>\n<p><em>Thank you for reading this article!<br \/><\/em><\/p>\n<p><em>&#8220;We wish you an amazing and productive day<\/em>!\u201d<\/p>\n","protected":false},"excerpt":{"rendered":"<p>Pinky Lamb Mediaprovides a lot of business introduction video clip packages with different price offers according to clients\u2019 needs. The most common business video clips include: Videos for beauty care centres: spa, plastic surgery, gym Videos for healthcare centres: hospitals \u2013 private medical centres, dentistry, veterinary Videos for schools, educational centre for kids and adults [&#8230;]\n","protected":false},"author":1,"featured_media":0,"parent":0,"menu_order":0,"comment_status":"closed","ping_status":"closed","template":"","meta":{"footnotes":"","two_page_speed":[]},"_links":{"self":[{"href":"https:\/\/pinkylamb.com\/en\/wp-json\/wp\/v2\/pages\/661\/"}],"collection":[{"href":"https:\/\/pinkylamb.com\/en\/wp-json\/wp\/v2\/pages\/"}],"about":[{"href":"https:\/\/pinkylamb.com\/en\/wp-json\/wp\/v2\/types\/page\/"}],"author":[{"embeddable":true,"href":"https:\/\/pinkylamb.com\/en\/wp-json\/wp\/v2\/users\/1\/"}],"replies":[{"embeddable":true,"href":"https:\/\/pinkylamb.com\/en\/wp-json\/wp\/v2\/comments\/?post=661"}],"version-history":[{"count":6,"href":"https:\/\/pinkylamb.com\/en\/wp-json\/wp\/v2\/pages\/661\/revisions\/"}],"predecessor-version":[{"id":703,"href":"https:\/\/pinkylamb.com\/en\/wp-json\/wp\/v2\/pages\/661\/revisions\/703\/"}],"wp:attachment":[{"href":"https:\/\/pinkylamb.com\/en\/wp-json\/wp\/v2\/media\/?parent=661"}],"curies":[{"name":"wp","href":"https:\/\/api.w.org\/{rel}","templated":true}]}}